{"id":806,"date":"2017-09-10T18:30:20","date_gmt":"2017-09-10T16:30:20","guid":{"rendered":"http:\/\/www.akkumobil.at\/?page_id=806"},"modified":"2017-09-10T18:30:20","modified_gmt":"2017-09-10T16:30:20","slug":"sicherheitshinweise","status":"publish","type":"page","link":"https:\/\/www.akkumobil.at\/?page_id=806","title":{"rendered":"Sicherheitshinweise"},"content":{"rendered":"<div class=\"textLayer\">\n<div>Sicherheitshinweise f\u00fcr Lithium Ionen Akkus:<\/div>\n<div><\/div>\n<div>Bei unsachgem\u00e4\u00dfer Behandlung k\u00f6nnen Lithium Ionen Akkus explodieren, brennen<\/div>\n<div>oder giftige Gase freisetzen sowie Ver\u00e4tzungen hervorrufen.<\/div>\n<div>Da wir den sachgem\u00e4\u00dfen und richtigen Umgang nach der Auslieferung nicht<\/div>\n<div>kontrollieren k\u00f6nnen, lehnen wir jegliche Haftung f\u00fcr Sch\u00e4den und Folgesch\u00e4den<\/div>\n<div>jeder Art ab.<\/div>\n<div>Allgemeine Hinweise:<\/div>\n<div>&#8211; Lithium Ionen Akkus d\u00fcrfen nur in Verbindung mit einer Schutzelektronik gegen \u00dcberladung,<\/div>\n<div>Tiefentladung, Kurzschluss, etc. eingesetzt werden.<\/div>\n<div>&#8211; Die Lithium Ionen Akkus sind bei Lieferung geladen. Kurzschluss zwischen den +\/- Polen<\/div>\n<div>vermeiden, da die Lithium Ionen Akkus einen sehr hohen Kurzschlussstrom liefern.<\/div>\n<div>&#8211; Lithium Ionen Akkus nicht auseinander nehmen, \u00f6ffnen oder zerkleinern.<\/div>\n<div>&#8211; Lithium Ionen Akkus keiner gro\u00dfen W\u00e4rme oder Feuer aussetzen. Lagerung in direktem<\/div>\n<div>Sonnenlicht vermeiden.<\/div>\n<div>&#8211; Lithium Ionen Akkus keinen starken mechanischen Belastungen aussetzen.<\/div>\n<div>&#8211; Lithium Ionen Akkus au\u00dferhalb der Reichweite von Kindern aufbewahren.<\/div>\n<div>&#8211; Lithium Ionen Akkus immer sauber und trocken halten.<\/div>\n<div>&#8211; Verschmutzte Pole der Lithium Ionen Akkus k\u00f6nnen mit einem sauberen, trockenen Tuch<\/div>\n<div>gereinigt werden.<\/div>\n<div>&#8211; Lithium Ionen Akkus d\u00fcrfen nicht mit Fl\u00fcssigkeiten oder L\u00f6sungsmitteln in Kontakt kommen.<\/div>\n<div>&#8211; Lithium Ionen Akkus sind so zu lagern, dass keine Kurzschl\u00fcsse entstehen k\u00f6nnen (verwenden<\/div>\n<div>Sie nur Materialien die nicht elektrisch leitend sind).<\/div>\n<div>&#8211; Lithium Ionen Akkus d\u00fcrfen nur f\u00fcr den vorgesehenen Verwendungszweck eingesetzt werden.<\/div>\n<div>&#8211; Nur daf\u00fcr geeignete Ladeger\u00e4te verwenden, die Lithium Ionen Akkus d\u00fcrfen nur entsprechend<\/div>\n<div>der Vorgaben des Herstellers geladen und entladen werden<\/div>\n<div>&#8211; Lithium Ionen Akkus mit verschiedenen Kapazit\u00e4ten, Abmessungen, Bauarten oder von<\/div>\n<div>verschiedenen Herstellern d\u00fcrfen nicht gemeinsam in einer Anwendung eingesetzt werden.<\/div>\n<div><\/div>\n<div>Transporthinweise:<\/div>\n<div>Lithium Ionen Lithium Ionen Akkus sind Gefahrgut mit der folgenden Klassifizierung:<\/div>\n<div>&#8211; UN 3480 Lithiumbatterien<\/div>\n<div>&#8211; Klasse 9<\/div>\n<div>&#8211; Verpackungsgruppe II<\/div>\n<div>Zur Gew\u00e4hrleistung der Transportsicherheit m\u00fcssen die erforderlichen Pr\u00fcfungen in Konformit\u00e4t mit<\/div>\n<div>den g\u00fcltigen Richtlinie UN 38.3 durchgef\u00fchrt werden.<\/div>\n<\/div>\n","protected":false},"excerpt":{"rendered":"<p>Sicherheitshinweise f\u00fcr Lithium Ionen Akkus: Bei unsachgem\u00e4\u00dfer Behandlung k\u00f6nnen Lithium Ionen Akkus explodieren, brennen oder giftige Gase freisetzen sowie Ver\u00e4tzungen hervorrufen. Da wir den sachgem\u00e4\u00dfen und richtigen Umgang nach der Auslieferung nicht kontrollieren k\u00f6nnen, lehnen wir jegliche Haftung f\u00fcr Sch\u00e4den und Folgesch\u00e4den jeder Art ab. Allgemeine Hinweise: &#8211; Lithium Ionen Akkus d\u00fcrfen nur in Verbindung [&hellip;]<\/p>\n","protected":false},"author":1,"featured_media":0,"parent":120,"menu_order":0,"comment_status":"closed","ping_status":"closed","template":"","meta":{"footnotes":""},"class_list":["post-806","page","type-page","status-publish","hentry"],"blocksy_meta":{"styles_descriptor":{"styles":{"desktop":"","tablet":"","mobile":""},"google_fonts":[],"version":6}},"_links":{"self":[{"href":"https:\/\/www.akkumobil.at\/index.php?rest_route=\/wp\/v2\/pages\/806","targetHints":{"allow":["GET"]}}],"collection":[{"href":"https:\/\/www.akkumobil.at\/index.php?rest_route=\/wp\/v2\/pages"}],"about":[{"href":"https:\/\/www.akkumobil.at\/index.php?rest_route=\/wp\/v2\/types\/page"}],"author":[{"embeddable":true,"href":"https:\/\/www.akkumobil.at\/index.php?rest_route=\/wp\/v2\/users\/1"}],"replies":[{"embeddable":true,"href":"https:\/\/www.akkumobil.at\/index.php?rest_route=%2Fwp%2Fv2%2Fcomments&post=806"}],"version-history":[{"count":1,"href":"https:\/\/www.akkumobil.at\/index.php?rest_route=\/wp\/v2\/pages\/806\/revisions"}],"predecessor-version":[{"id":807,"href":"https:\/\/www.akkumobil.at\/index.php?rest_route=\/wp\/v2\/pages\/806\/revisions\/807"}],"up":[{"embeddable":true,"href":"https:\/\/www.akkumobil.at\/index.php?rest_route=\/wp\/v2\/pages\/120"}],"wp:attachment":[{"href":"https:\/\/www.akkumobil.at\/index.php?rest_route=%2Fwp%2Fv2%2Fmedia&parent=806"}],"curies":[{"name":"wp","href":"https:\/\/api.w.org\/{rel}","templated":true}]}}