{"id":377,"date":"2016-02-21T10:12:50","date_gmt":"2016-02-21T09:12:50","guid":{"rendered":"http:\/\/www.akkumobil.at\/?page_id=377"},"modified":"2016-11-09T21:43:48","modified_gmt":"2016-11-09T20:43:48","slug":"fahrrad-reaktor","status":"publish","type":"page","link":"https:\/\/www.akkumobil.at\/?page_id=377","title":{"rendered":"Fahrrad Reaktor"},"content":{"rendered":"<p>Fahrradreaktor<\/p>\n<h4>Aus der Bezirksrundschau Urfahr-Umgebung 21.\/22.Juli 2016<\/h4>\n<h2>\u00a0Sch\u00fcler radelten f\u00fcr volle Handy-Akkus<!-- google_ad_section_end --><\/h2>\n<div class=\"clearboth\"><\/div>\n<section id=\"articleContent\">\n<div class=\"highlight\">\n<div class=\"mediadbgalleryfloat\">\n<div class=\"mediadbgallery relative\">\n<div class=\"container\">\n<div><a class=\"pointer\" href=\"https:\/\/www.meinbezirk.at\/urfahr-umgebung\/lokales\/rene-reitermayr-ulrich-steininger-ulrike-schwarz-klaus-grininger-johann-zauner-jonas-reingruber-mario-reitermayr-und-johann-plakolm-v-l-m10892299,1802543.html\"><img decoding=\"async\" class=\"noborder\" title=\"Rene Reitermayr, Ulrich Steininger, Ulrike Schwarz, Klaus Grininger, Johann Zauner, Jonas Reingruber, Mario Reitermayr und Johann Plakolm (v. l.)\" src=\"https:\/\/media05.regionaut.meinbezirk.at\/2016\/07\/14\/10892299_web.jpg?1468499471\" alt=\"Rene Reitermayr, Ulrich Steininger, Ulrike Schwarz, Klaus Grininger, Johann Zauner, Jonas Reingruber, Mario Reitermayr und Johann Plakolm (v. l.)\" \/><\/a><img fetchpriority=\"high\" decoding=\"async\" class=\"wp-image-469 alignright\" src=\"https:\/\/www.akkumobil.at\/wp-content\/uploads\/2016\/09\/20160520_220853-300x180.jpg\" alt=\"20160520_220853\" width=\"431\" height=\"259\" srcset=\"https:\/\/www.akkumobil.at\/wp-content\/uploads\/2016\/09\/20160520_220853-300x180.jpg 300w, https:\/\/www.akkumobil.at\/wp-content\/uploads\/2016\/09\/20160520_220853-600x360.jpg 600w, https:\/\/www.akkumobil.at\/wp-content\/uploads\/2016\/09\/20160520_220853-768x461.jpg 768w, https:\/\/www.akkumobil.at\/wp-content\/uploads\/2016\/09\/20160520_220853-1024x614.jpg 1024w, https:\/\/www.akkumobil.at\/wp-content\/uploads\/2016\/09\/20160520_220853-250x150.jpg 250w\" sizes=\"(max-width: 431px) 100vw, 431px\" \/><\/div>\n<\/div>\n<\/div>\n<div class=\"meta\">Rene Reitermayr, Ulrich Steininger, Ulrike Schwarz, Klaus Grininger, Johann Zauner, Jonas Reingruber, Mario Reitermayr und Johann Plakolm (v. l.) (Foto: Gemeinde) WALDING.<\/div>\n<\/div>\n<\/div>\n<\/section>\n<section>Beim Schulabschlussfest der Volksschule Walding lud der Klimab\u00fcndnis-Arbeitskreis dazu Wissen \u00fcber die Energiegewinnung spielerisch zu vermitteln. Die Kinder konnten mithilfe eines adaptierten Fahrrads selbst Strom erzeugen und in ihren Handy-Akkus speichern. Das Fahrrad f\u00fcr dieses Experiment bastelte <span style=\"text-decoration: underline;\">Rene Reitermayr<\/span>.Begeistert zeigten sich die Sch\u00fcler auch vom \u201eKlimab\u00fcndnis Energiekoffer\u201c. Sie forschten zum Thema Sonnenenergie und f\u00fcllten anschlie\u00dfend ein Energiespar-R\u00e4tselhefte aus. Der Arbeitskreis unter der Leitung von Johann Zauner bedankte sich f\u00fcr das Interesse der Sch\u00fcler mit Bio-\u00c4pfel.<\/p>\n<div id=\"slot_articlewidget\" class=\"adArticleWidget\"><\/div>\n<p>B\u00fcrgermeister Johann Plakolm erhielt im Anschluss von LAbg. Ulrike Schwarz und dem Vertreter vom Klimab\u00fcndnis-O\u00d6 Klaus Grininger die Klimab\u00fcndnis-Ortstafel \u00fcberreicht. Die Tafel weist auf den aktiven Klimab\u00fcndniseinsatz der Marktgemeinde hin.<\/p>\n<\/section>\n<section><\/section>\n<h3><span style=\"text-decoration: underline;\">\u00dcber denn Fahrradreaktor<\/span><\/h3>\n<p>Alles begann damit f\u00fcr mich &#8222;Rene&#8220; eine Sommer-Ferienbesch\u00e4ftigung zu finden. Ich suchte in YouTube nach einer M\u00f6glichkeit sauberen Strom f\u00fcr den Haushalt zu produzieren.<br \/>\nNach einer Weile fand ich ein Video wie einer mit einem\u00a0umgebautem Fahrrad + Dynamo Strom f\u00fcr sein Handy erzeugte.<br \/>\nIch dachte mir, das\u00a0ginge doch besser.<\/p>\n<h4>Das Ergebnis von\u00a02 Ferienwochen:<\/h4>\n<h3>Elektronik: 2 DC\/DC Wandler, einer zum laden\u00a0vom Akku\u00a0 und einer f\u00fcr den USB ausgang<\/h3>\n<p><img decoding=\"async\" class=\"size-medium wp-image-533 alignleft\" src=\"https:\/\/www.akkumobil.at\/wp-content\/uploads\/2016\/11\/20160328_112043-300x180.jpg\" alt=\"20160328_112043\" width=\"300\" height=\"180\" srcset=\"https:\/\/www.akkumobil.at\/wp-content\/uploads\/2016\/11\/20160328_112043-300x180.jpg 300w, https:\/\/www.akkumobil.at\/wp-content\/uploads\/2016\/11\/20160328_112043-600x360.jpg 600w, https:\/\/www.akkumobil.at\/wp-content\/uploads\/2016\/11\/20160328_112043-768x461.jpg 768w, https:\/\/www.akkumobil.at\/wp-content\/uploads\/2016\/11\/20160328_112043-1024x614.jpg 1024w, https:\/\/www.akkumobil.at\/wp-content\/uploads\/2016\/11\/20160328_112043-250x150.jpg 250w\" sizes=\"(max-width: 300px) 100vw, 300px\" \/><img decoding=\"async\" class=\"size-medium wp-image-532 alignleft\" src=\"https:\/\/www.akkumobil.at\/wp-content\/uploads\/2016\/11\/20160328_105429-300x180.jpg\" alt=\"20160328_105429\" width=\"300\" height=\"180\" srcset=\"https:\/\/www.akkumobil.at\/wp-content\/uploads\/2016\/11\/20160328_105429-300x180.jpg 300w, https:\/\/www.akkumobil.at\/wp-content\/uploads\/2016\/11\/20160328_105429-600x360.jpg 600w, https:\/\/www.akkumobil.at\/wp-content\/uploads\/2016\/11\/20160328_105429-768x461.jpg 768w, https:\/\/www.akkumobil.at\/wp-content\/uploads\/2016\/11\/20160328_105429-1024x614.jpg 1024w, https:\/\/www.akkumobil.at\/wp-content\/uploads\/2016\/11\/20160328_105429-250x150.jpg 250w\" sizes=\"(max-width: 300px) 100vw, 300px\" \/><img loading=\"lazy\" decoding=\"async\" class=\"size-medium wp-image-534 alignleft\" src=\"https:\/\/www.akkumobil.at\/wp-content\/uploads\/2016\/11\/20160328_114351-300x180.jpg\" alt=\"20160328_114351\" width=\"300\" height=\"180\" srcset=\"https:\/\/www.akkumobil.at\/wp-content\/uploads\/2016\/11\/20160328_114351-300x180.jpg 300w, https:\/\/www.akkumobil.at\/wp-content\/uploads\/2016\/11\/20160328_114351-600x360.jpg 600w, https:\/\/www.akkumobil.at\/wp-content\/uploads\/2016\/11\/20160328_114351-768x461.jpg 768w, https:\/\/www.akkumobil.at\/wp-content\/uploads\/2016\/11\/20160328_114351-1024x614.jpg 1024w, https:\/\/www.akkumobil.at\/wp-content\/uploads\/2016\/11\/20160328_114351-250x150.jpg 250w\" sizes=\"(max-width: 300px) 100vw, 300px\" \/><\/p>\n<p>&nbsp;<\/p>\n<p>&nbsp;<\/p>\n<p>&nbsp;<\/p>\n<p>&nbsp;<\/p>\n<p>&nbsp;<\/p>\n<p>&nbsp;<\/p>\n<p>&nbsp;<\/p>\n<h3>Dynamo: Gebrauchter\u00a0E-Fahrrad Motor\u00a0(ohne Hallsensoren)\u00a0\u00a0\u00a0\u00a0\u00a0\u00a0\u00a0\u00a0\u00a0\u00a0\u00a0\u00a0\u00a0\u00a0\u00a0\u00a0\u00a0Dockingstation:\u00a0\u00a0 1 USB, + &#8211;\u00a0 5V Ausgang<\/h3>\n<p><img loading=\"lazy\" decoding=\"async\" class=\"size-medium wp-image-535 alignleft\" src=\"https:\/\/www.akkumobil.at\/wp-content\/uploads\/2016\/11\/20160328_173634-300x180.jpg\" alt=\"20160328_173634\" width=\"300\" height=\"180\" srcset=\"https:\/\/www.akkumobil.at\/wp-content\/uploads\/2016\/11\/20160328_173634-300x180.jpg 300w, https:\/\/www.akkumobil.at\/wp-content\/uploads\/2016\/11\/20160328_173634-600x360.jpg 600w, https:\/\/www.akkumobil.at\/wp-content\/uploads\/2016\/11\/20160328_173634-768x461.jpg 768w, https:\/\/www.akkumobil.at\/wp-content\/uploads\/2016\/11\/20160328_173634-1024x614.jpg 1024w, https:\/\/www.akkumobil.at\/wp-content\/uploads\/2016\/11\/20160328_173634-250x150.jpg 250w\" sizes=\"(max-width: 300px) 100vw, 300px\" \/><img loading=\"lazy\" decoding=\"async\" class=\"size-medium wp-image-516 aligncenter\" src=\"https:\/\/www.akkumobil.at\/wp-content\/uploads\/2016\/10\/20160328_173656-300x180.jpg\" alt=\"20160328_173656\" width=\"300\" height=\"180\" srcset=\"https:\/\/www.akkumobil.at\/wp-content\/uploads\/2016\/10\/20160328_173656-300x180.jpg 300w, https:\/\/www.akkumobil.at\/wp-content\/uploads\/2016\/10\/20160328_173656-600x360.jpg 600w, https:\/\/www.akkumobil.at\/wp-content\/uploads\/2016\/10\/20160328_173656-768x461.jpg 768w, https:\/\/www.akkumobil.at\/wp-content\/uploads\/2016\/10\/20160328_173656-1024x614.jpg 1024w, https:\/\/www.akkumobil.at\/wp-content\/uploads\/2016\/10\/20160328_173656-250x150.jpg 250w\" sizes=\"(max-width: 300px) 100vw, 300px\" \/><b><\/b><i><\/i><u><\/u><\/p>\n<h3>\u00a0\u00a0\u00a0\u00a0\u00a0\u00a0\u00a0\u00a0\u00a0\u00a0\u00a0\u00a0\u00a0\u00a0\u00a0\u00a0\u00a0\u00a0\u00a0\u00a0\u00a0\u00a0\u00a0\u00a0\u00a0\u00a0\u00a0\u00a0\u00a0\u00a0\u00a0\u00a0\u00a0\u00a0\u00a0\u00a0\u00a0\u00a0\u00a0\u00a0\u00a0\u00a0\u00a0\u00a0\u00a0\u00a0\u00a0\u00a0\u00a0\u00a0\u00a0\u00a0\u00a0\u00a0\u00a0\u00a0\u00a0\u00a0\u00a0\u00a0\u00a0\u00a0\u00a0\u00a0\u00a0\u00a0\u00a0\u00a0\u00a0\u00a0\u00a0\u00a0\u00a0\u00a0\u00a0\u00a0\u00a0\u00a0\u00a0\u00a0\u00a0\u00a0\u00a0\u00a0\u00a0\u00a0\u00a0\u00a0\u00a0\u00a0\u00a0\u00a0\u00a0\u00a0\u00a0\u00a0\u00a0\u00a0\u00a0\u00a0\u00a0\u00a0\u00a0\u00a0\u00a0\u00a0\u00a0\u00a0\u00a0\u00a0\u00a0\u00a0\u00a0\u00a0\u00a0\u00a0\u00a0\u00a0\u00a0\u00a0\u00a0\u00a0\u00a0\u00a0\u00a0\u00a0\u00a0\u00a0\u00a0 LiIon Akkupack zum speichern der Energie<\/h3>\n<h3>Eine Stunde mit ca. 50 watt strampeln ergibt 10 Stunden Handy laden.<\/h3>\n<p>&nbsp;<\/p>\n","protected":false},"excerpt":{"rendered":"<p>Fahrradreaktor Aus der Bezirksrundschau Urfahr-Umgebung 21.\/22.Juli 2016 \u00a0Sch\u00fcler radelten f\u00fcr volle Handy-Akkus Rene Reitermayr, Ulrich Steininger, Ulrike Schwarz, Klaus Grininger, Johann Zauner, Jonas Reingruber, Mario Reitermayr und Johann Plakolm (v. l.) (Foto: Gemeinde) WALDING. Beim Schulabschlussfest der Volksschule Walding lud der Klimab\u00fcndnis-Arbeitskreis dazu Wissen \u00fcber die Energiegewinnung spielerisch zu vermitteln. Die Kinder konnten mithilfe eines [&hellip;]<\/p>\n","protected":false},"author":1,"featured_media":0,"parent":261,"menu_order":0,"comment_status":"closed","ping_status":"closed","template":"fullwidth.php","meta":{"footnotes":""},"class_list":["post-377","page","type-page","status-publish","hentry"],"blocksy_meta":{"styles_descriptor":{"styles":{"desktop":"","tablet":"","mobile":""},"google_fonts":[],"version":6}},"_links":{"self":[{"href":"https:\/\/www.akkumobil.at\/index.php?rest_route=\/wp\/v2\/pages\/377","targetHints":{"allow":["GET"]}}],"collection":[{"href":"https:\/\/www.akkumobil.at\/index.php?rest_route=\/wp\/v2\/pages"}],"about":[{"href":"https:\/\/www.akkumobil.at\/index.php?rest_route=\/wp\/v2\/types\/page"}],"author":[{"embeddable":true,"href":"https:\/\/www.akkumobil.at\/index.php?rest_route=\/wp\/v2\/users\/1"}],"replies":[{"embeddable":true,"href":"https:\/\/www.akkumobil.at\/index.php?rest_route=%2Fwp%2Fv2%2Fcomments&post=377"}],"version-history":[{"count":14,"href":"https:\/\/www.akkumobil.at\/index.php?rest_route=\/wp\/v2\/pages\/377\/revisions"}],"predecessor-version":[{"id":531,"href":"https:\/\/www.akkumobil.at\/index.php?rest_route=\/wp\/v2\/pages\/377\/revisions\/531"}],"up":[{"embeddable":true,"href":"https:\/\/www.akkumobil.at\/index.php?rest_route=\/wp\/v2\/pages\/261"}],"wp:attachment":[{"href":"https:\/\/www.akkumobil.at\/index.php?rest_route=%2Fwp%2Fv2%2Fmedia&parent=377"}],"curies":[{"name":"wp","href":"https:\/\/api.w.org\/{rel}","templated":true}]}}