{"id":213,"date":"2016-01-10T12:05:11","date_gmt":"2016-01-10T11:05:11","guid":{"rendered":"http:\/\/www.akkumobil.at\/?page_id=213"},"modified":"2016-12-06T17:42:59","modified_gmt":"2016-12-06T16:42:59","slug":"kleine-e-motorcross","status":"publish","type":"page","link":"https:\/\/www.akkumobil.at\/?page_id=213","title":{"rendered":"Kleine E-Motorcross"},"content":{"rendered":"<p>&nbsp;<\/p>\n<ul>\n<li>\n<h3>Erstes Projekt \u00fcberhaupt:\u00a0\u00a0f\u00fcr den Garten-betrieb einfach zu laut mit Benzinmotor<img fetchpriority=\"high\" decoding=\"async\" class=\"size-medium wp-image-72 alignright\" src=\"https:\/\/www.akkumobil.at\/wp-content\/uploads\/2015\/12\/e-mini-300x225.jpg\" alt=\"4.0M DigitalCAM\" width=\"300\" height=\"225\" srcset=\"https:\/\/www.akkumobil.at\/wp-content\/uploads\/2015\/12\/e-mini-300x225.jpg 300w, https:\/\/www.akkumobil.at\/wp-content\/uploads\/2015\/12\/e-mini-600x450.jpg 600w, https:\/\/www.akkumobil.at\/wp-content\/uploads\/2015\/12\/e-mini-768x576.jpg 768w, https:\/\/www.akkumobil.at\/wp-content\/uploads\/2015\/12\/e-mini-1024x768.jpg 1024w, https:\/\/www.akkumobil.at\/wp-content\/uploads\/2015\/12\/e-mini.jpg 1600w\" sizes=\"(max-width: 300px) 100vw, 300px\" \/><\/h3>\n<\/li>\n<\/ul>\n<p><img decoding=\"async\" class=\"size-medium wp-image-73 alignleft\" src=\"https:\/\/www.akkumobil.at\/wp-content\/uploads\/2015\/12\/PICT0010-225x300.jpg\" alt=\"DIGITAL CAMERA\" width=\"225\" height=\"300\" srcset=\"https:\/\/www.akkumobil.at\/wp-content\/uploads\/2015\/12\/PICT0010-225x300.jpg 225w, https:\/\/www.akkumobil.at\/wp-content\/uploads\/2015\/12\/PICT0010-scaled-600x800.jpg 600w, https:\/\/www.akkumobil.at\/wp-content\/uploads\/2015\/12\/PICT0010-768x1024.jpg 768w, https:\/\/www.akkumobil.at\/wp-content\/uploads\/2015\/12\/PICT0010-300x400.jpg 300w, https:\/\/www.akkumobil.at\/wp-content\/uploads\/2015\/12\/PICT0010-scaled.jpg 1920w\" sizes=\"(max-width: 225px) 100vw, 225px\" \/><\/p>\n<h3><\/h3>\n<p><b><\/b><i><\/i><u><br \/>\n<\/u><\/p>\n<p>&nbsp;<\/p>\n<h2>Minibike<\/h2>\n<h2>Minibike mit Startermotor<\/h2>\n<h1><\/h1>\n<h1><\/h1>\n<h4 style=\"text-align: center;\">F\u00fcrs Gel\u00e4nde musste eine Motorcross her.<\/h4>\n<p>&nbsp;<\/p>\n<p><img decoding=\"async\" class=\"size-medium wp-image-33 alignleft\" src=\"https:\/\/www.akkumobil.at\/wp-content\/uploads\/2015\/12\/PICT0002-225x300.jpg\" alt=\"DIGITAL CAMERA\" width=\"225\" height=\"300\" srcset=\"https:\/\/www.akkumobil.at\/wp-content\/uploads\/2015\/12\/PICT0002-225x300.jpg 225w, https:\/\/www.akkumobil.at\/wp-content\/uploads\/2015\/12\/PICT0002-scaled-600x800.jpg 600w, https:\/\/www.akkumobil.at\/wp-content\/uploads\/2015\/12\/PICT0002-768x1024.jpg 768w, https:\/\/www.akkumobil.at\/wp-content\/uploads\/2015\/12\/PICT0002-300x400.jpg 300w, https:\/\/www.akkumobil.at\/wp-content\/uploads\/2015\/12\/PICT0002-scaled.jpg 1920w\" sizes=\"(max-width: 225px) 100vw, 225px\" \/><\/p>\n<p>&nbsp;<\/p>\n<p><img loading=\"lazy\" decoding=\"async\" class=\"size-medium wp-image-32 aligncenter\" src=\"https:\/\/www.akkumobil.at\/wp-content\/uploads\/2015\/12\/PICT0001-300x225.jpg\" alt=\"DIGITAL CAMERA\" width=\"300\" height=\"225\" srcset=\"https:\/\/www.akkumobil.at\/wp-content\/uploads\/2015\/12\/PICT0001-300x225.jpg 300w, https:\/\/www.akkumobil.at\/wp-content\/uploads\/2015\/12\/PICT0001-scaled-600x450.jpg 600w, https:\/\/www.akkumobil.at\/wp-content\/uploads\/2015\/12\/PICT0001-768x576.jpg 768w, https:\/\/www.akkumobil.at\/wp-content\/uploads\/2015\/12\/PICT0001-1024x768.jpg 1024w\" sizes=\"(max-width: 300px) 100vw, 300px\" \/><\/p>\n<p>&nbsp;<\/p>\n<figure id=\"attachment_34\" aria-describedby=\"caption-attachment-34\" style=\"width: 300px\" class=\"wp-caption alignnone\"><img loading=\"lazy\" decoding=\"async\" class=\"size-medium wp-image-34\" src=\"https:\/\/www.akkumobil.at\/wp-content\/uploads\/2015\/12\/PICT0003-300x225.jpg\" alt=\"DIGITAL CAMERA\" width=\"300\" height=\"225\" srcset=\"https:\/\/www.akkumobil.at\/wp-content\/uploads\/2015\/12\/PICT0003-300x225.jpg 300w, https:\/\/www.akkumobil.at\/wp-content\/uploads\/2015\/12\/PICT0003-scaled-600x450.jpg 600w, https:\/\/www.akkumobil.at\/wp-content\/uploads\/2015\/12\/PICT0003-768x576.jpg 768w, https:\/\/www.akkumobil.at\/wp-content\/uploads\/2015\/12\/PICT0003-1024x768.jpg 1024w\" sizes=\"(max-width: 300px) 100vw, 300px\" \/><figcaption id=\"caption-attachment-34\" class=\"wp-caption-text\">16x 10ah Headway-Zellen<\/figcaption><\/figure>\n<p>&nbsp;<\/p>\n<figure id=\"attachment_35\" aria-describedby=\"caption-attachment-35\" style=\"width: 693px\" class=\"wp-caption alignnone\"><img loading=\"lazy\" decoding=\"async\" class=\" wp-image-35\" src=\"https:\/\/www.akkumobil.at\/wp-content\/uploads\/2015\/12\/PICT0006-300x225.jpg\" alt=\"DIGITAL CAMERA\" width=\"693\" height=\"520\" srcset=\"https:\/\/www.akkumobil.at\/wp-content\/uploads\/2015\/12\/PICT0006-300x225.jpg 300w, https:\/\/www.akkumobil.at\/wp-content\/uploads\/2015\/12\/PICT0006-scaled-600x450.jpg 600w, https:\/\/www.akkumobil.at\/wp-content\/uploads\/2015\/12\/PICT0006-768x576.jpg 768w, https:\/\/www.akkumobil.at\/wp-content\/uploads\/2015\/12\/PICT0006-1024x768.jpg 1024w\" sizes=\"(max-width: 693px) 100vw, 693px\" \/><figcaption id=\"caption-attachment-35\" class=\"wp-caption-text\">1. Ausfahrt<\/figcaption><\/figure>\n","protected":false},"excerpt":{"rendered":"<p>&nbsp; Erstes Projekt \u00fcberhaupt:\u00a0\u00a0f\u00fcr den Garten-betrieb einfach zu laut mit Benzinmotor &nbsp; Minibike Minibike mit Startermotor F\u00fcrs Gel\u00e4nde musste eine Motorcross her. &nbsp; &nbsp; &nbsp; &nbsp;<\/p>\n","protected":false},"author":1,"featured_media":0,"parent":118,"menu_order":0,"comment_status":"closed","ping_status":"closed","template":"fullwidth.php","meta":{"footnotes":""},"class_list":["post-213","page","type-page","status-publish","hentry"],"blocksy_meta":{"styles_descriptor":{"styles":{"desktop":"","tablet":"","mobile":""},"google_fonts":[],"version":6}},"_links":{"self":[{"href":"https:\/\/www.akkumobil.at\/index.php?rest_route=\/wp\/v2\/pages\/213","targetHints":{"allow":["GET"]}}],"collection":[{"href":"https:\/\/www.akkumobil.at\/index.php?rest_route=\/wp\/v2\/pages"}],"about":[{"href":"https:\/\/www.akkumobil.at\/index.php?rest_route=\/wp\/v2\/types\/page"}],"author":[{"embeddable":true,"href":"https:\/\/www.akkumobil.at\/index.php?rest_route=\/wp\/v2\/users\/1"}],"replies":[{"embeddable":true,"href":"https:\/\/www.akkumobil.at\/index.php?rest_route=%2Fwp%2Fv2%2Fcomments&post=213"}],"version-history":[{"count":19,"href":"https:\/\/www.akkumobil.at\/index.php?rest_route=\/wp\/v2\/pages\/213\/revisions"}],"predecessor-version":[{"id":595,"href":"https:\/\/www.akkumobil.at\/index.php?rest_route=\/wp\/v2\/pages\/213\/revisions\/595"}],"up":[{"embeddable":true,"href":"https:\/\/www.akkumobil.at\/index.php?rest_route=\/wp\/v2\/pages\/118"}],"wp:attachment":[{"href":"https:\/\/www.akkumobil.at\/index.php?rest_route=%2Fwp%2Fv2%2Fmedia&parent=213"}],"curies":[{"name":"wp","href":"https:\/\/api.w.org\/{rel}","templated":true}]}}