{"id":1744,"date":"2026-02-15T19:36:38","date_gmt":"2026-02-15T18:36:38","guid":{"rendered":"https:\/\/www.akkumobil.at\/?page_id=1744"},"modified":"2026-02-15T20:33:21","modified_gmt":"2026-02-15T19:33:21","slug":"photovoltaik","status":"publish","type":"page","link":"https:\/\/www.akkumobil.at\/?page_id=1744","title":{"rendered":"Photovoltaik"},"content":{"rendered":"\t\t<div data-elementor-type=\"wp-page\" data-elementor-id=\"1744\" class=\"elementor elementor-1744\">\n\t\t\t\t\t\t<section class=\"elementor-section elementor-top-section elementor-element elementor-element-4541704 elementor-section-boxed elementor-section-height-default elementor-section-height-default\" data-id=\"4541704\" data-element_type=\"section\" data-e-type=\"section\">\n\t\t\t\t\t\t<div class=\"elementor-container elementor-column-gap-default\">\n\t\t\t\t\t<div class=\"elementor-column elementor-col-100 elementor-top-column elementor-element elementor-element-b79face\" data-id=\"b79face\" data-element_type=\"column\" data-e-type=\"column\">\n\t\t\t<div class=\"elementor-widget-wrap elementor-element-populated\">\n\t\t\t\t\t\t<div class=\"elementor-element elementor-element-adbd7c3 elementor-widget elementor-widget-heading\" data-id=\"adbd7c3\" data-element_type=\"widget\" data-e-type=\"widget\" data-widget_type=\"heading.default\">\n\t\t\t\t<div class=\"elementor-widget-container\">\n\t\t\t\t\t<h2 class=\"elementor-heading-title elementor-size-default\">Einfamilienhaus<\/h2>\t\t\t\t<\/div>\n\t\t\t\t<\/div>\n\t\t\t\t\t<\/div>\n\t\t<\/div>\n\t\t\t\t\t<\/div>\n\t\t<\/section>\n\t\t\t\t<section class=\"elementor-section elementor-top-section elementor-element elementor-element-2c5bb94 elementor-section-boxed elementor-section-height-default elementor-section-height-default\" data-id=\"2c5bb94\" data-element_type=\"section\" data-e-type=\"section\">\n\t\t\t\t\t\t<div class=\"elementor-container elementor-column-gap-default\">\n\t\t\t\t\t<div class=\"elementor-column elementor-col-100 elementor-top-column elementor-element elementor-element-cc8d2bb\" data-id=\"cc8d2bb\" data-element_type=\"column\" data-e-type=\"column\">\n\t\t\t<div class=\"elementor-widget-wrap\">\n\t\t\t\t\t\t\t<\/div>\n\t\t<\/div>\n\t\t\t\t\t<\/div>\n\t\t<\/section>\n\t\t\t\t<section class=\"elementor-section elementor-top-section elementor-element elementor-element-f0a8ca2 elementor-section-boxed elementor-section-height-default elementor-section-height-default\" data-id=\"f0a8ca2\" data-element_type=\"section\" data-e-type=\"section\">\n\t\t\t\t\t\t<div class=\"elementor-container elementor-column-gap-default\">\n\t\t\t\t\t<div class=\"elementor-column elementor-col-100 elementor-top-column elementor-element elementor-element-3f6757f\" data-id=\"3f6757f\" data-element_type=\"column\" data-e-type=\"column\">\n\t\t\t<div class=\"elementor-widget-wrap elementor-element-populated\">\n\t\t\t\t\t\t<div class=\"elementor-element elementor-element-6a9d495 elementor-widget elementor-widget-image\" data-id=\"6a9d495\" data-element_type=\"widget\" data-e-type=\"widget\" data-widget_type=\"image.default\">\n\t\t\t\t<div class=\"elementor-widget-container\">\n\t\t\t\t\t\t\t\t\t\t\t\t\t\t\t<img fetchpriority=\"high\" decoding=\"async\" width=\"1024\" height=\"768\" src=\"https:\/\/www.akkumobil.at\/wp-content\/uploads\/2026\/02\/WhatsApp-Image-2025-03-29-at-19.33.06-1024x768.jpeg\" class=\"attachment-large size-large wp-image-1752\" alt=\"\" srcset=\"https:\/\/www.akkumobil.at\/wp-content\/uploads\/2026\/02\/WhatsApp-Image-2025-03-29-at-19.33.06-1024x768.jpeg 1024w, https:\/\/www.akkumobil.at\/wp-content\/uploads\/2026\/02\/WhatsApp-Image-2025-03-29-at-19.33.06-300x225.jpeg 300w, https:\/\/www.akkumobil.at\/wp-content\/uploads\/2026\/02\/WhatsApp-Image-2025-03-29-at-19.33.06-768x576.jpeg 768w, https:\/\/www.akkumobil.at\/wp-content\/uploads\/2026\/02\/WhatsApp-Image-2025-03-29-at-19.33.06-1536x1153.jpeg 1536w, https:\/\/www.akkumobil.at\/wp-content\/uploads\/2026\/02\/WhatsApp-Image-2025-03-29-at-19.33.06-250x188.jpeg 250w, https:\/\/www.akkumobil.at\/wp-content\/uploads\/2026\/02\/WhatsApp-Image-2025-03-29-at-19.33.06-600x450.jpeg 600w, https:\/\/www.akkumobil.at\/wp-content\/uploads\/2026\/02\/WhatsApp-Image-2025-03-29-at-19.33.06.jpeg 1599w\" sizes=\"(max-width: 1024px) 100vw, 1024px\" \/>\t\t\t\t\t\t\t\t\t\t\t\t\t\t\t<\/div>\n\t\t\t\t<\/div>\n\t\t\t\t\t<\/div>\n\t\t<\/div>\n\t\t\t\t\t<\/div>\n\t\t<\/section>\n\t\t\t\t<section class=\"elementor-section elementor-top-section elementor-element elementor-element-445daf8 elementor-section-boxed elementor-section-height-default elementor-section-height-default\" data-id=\"445daf8\" data-element_type=\"section\" data-e-type=\"section\">\n\t\t\t\t\t\t<div class=\"elementor-container elementor-column-gap-default\">\n\t\t\t\t\t<div class=\"elementor-column elementor-col-100 elementor-top-column elementor-element elementor-element-dfb81dc\" data-id=\"dfb81dc\" data-element_type=\"column\" data-e-type=\"column\">\n\t\t\t<div class=\"elementor-widget-wrap\">\n\t\t\t\t\t\t\t<\/div>\n\t\t<\/div>\n\t\t\t\t\t<\/div>\n\t\t<\/section>\n\t\t\t\t<section class=\"elementor-section elementor-top-section elementor-element elementor-element-d928336 elementor-section-boxed elementor-section-height-default elementor-section-height-default\" data-id=\"d928336\" data-element_type=\"section\" data-e-type=\"section\">\n\t\t\t\t\t\t<div class=\"elementor-container elementor-column-gap-default\">\n\t\t\t\t\t<div class=\"elementor-column elementor-col-100 elementor-top-column elementor-element elementor-element-42c8ef5\" data-id=\"42c8ef5\" data-element_type=\"column\" data-e-type=\"column\">\n\t\t\t<div class=\"elementor-widget-wrap elementor-element-populated\">\n\t\t\t\t\t\t<div class=\"elementor-element elementor-element-66520db elementor-widget elementor-widget-text-editor\" data-id=\"66520db\" data-element_type=\"widget\" data-e-type=\"widget\" data-widget_type=\"text-editor.default\">\n\t\t\t\t<div class=\"elementor-widget-container\">\n\t\t\t\t\t\t\t\t\t<h3>Einfamilienhaus = Energieoptimiert<\/h3><ul><li>Optimierte Anlage f\u00fcr ihr Einfamilienhaus<\/li><li>Dach\/Wand\/Zaun Montage<\/li><li>Heimspeicher<\/li><li>Notstrombetrieb<\/li><li>Heizstaboptimiert<\/li><li>E-Ladestation mit PV \u00dcberschussladung<\/li><\/ul>\t\t\t\t\t\t\t\t<\/div>\n\t\t\t\t<\/div>\n\t\t\t\t\t<\/div>\n\t\t<\/div>\n\t\t\t\t\t<\/div>\n\t\t<\/section>\n\t\t\t\t<section class=\"elementor-section elementor-top-section elementor-element elementor-element-b166449 elementor-section-boxed elementor-section-height-default elementor-section-height-default\" data-id=\"b166449\" data-element_type=\"section\" data-e-type=\"section\">\n\t\t\t\t\t\t<div class=\"elementor-container elementor-column-gap-default\">\n\t\t\t\t\t<div class=\"elementor-column elementor-col-100 elementor-top-column elementor-element elementor-element-f9f83b6\" data-id=\"f9f83b6\" data-element_type=\"column\" data-e-type=\"column\">\n\t\t\t<div class=\"elementor-widget-wrap elementor-element-populated\">\n\t\t\t\t\t\t<div class=\"elementor-element elementor-element-b7e608b elementor-widget-divider--view-line elementor-widget elementor-widget-divider\" data-id=\"b7e608b\" data-element_type=\"widget\" data-e-type=\"widget\" data-widget_type=\"divider.default\">\n\t\t\t\t<div class=\"elementor-widget-container\">\n\t\t\t\t\t\t\t<div class=\"elementor-divider\">\n\t\t\t<span class=\"elementor-divider-separator\">\n\t\t\t\t\t\t<\/span>\n\t\t<\/div>\n\t\t\t\t\t\t<\/div>\n\t\t\t\t<\/div>\n\t\t\t\t\t<\/div>\n\t\t<\/div>\n\t\t\t\t\t<\/div>\n\t\t<\/section>\n\t\t\t\t<section class=\"elementor-section elementor-top-section elementor-element elementor-element-77e207b elementor-section-boxed elementor-section-height-default elementor-section-height-default\" data-id=\"77e207b\" data-element_type=\"section\" data-e-type=\"section\">\n\t\t\t\t\t\t<div class=\"elementor-container elementor-column-gap-default\">\n\t\t\t\t\t<div class=\"elementor-column elementor-col-100 elementor-top-column elementor-element elementor-element-7fc6107\" data-id=\"7fc6107\" data-element_type=\"column\" data-e-type=\"column\">\n\t\t\t<div class=\"elementor-widget-wrap elementor-element-populated\">\n\t\t\t\t\t\t<div class=\"elementor-element elementor-element-88f410b elementor-widget elementor-widget-heading\" data-id=\"88f410b\" data-element_type=\"widget\" data-e-type=\"widget\" data-widget_type=\"heading.default\">\n\t\t\t\t<div class=\"elementor-widget-container\">\n\t\t\t\t\t<h2 class=\"elementor-heading-title elementor-size-default\">Gro\u00dfspeicherprojekt<\/h2>\t\t\t\t<\/div>\n\t\t\t\t<\/div>\n\t\t\t\t\t<\/div>\n\t\t<\/div>\n\t\t\t\t\t<\/div>\n\t\t<\/section>\n\t\t\t\t<section class=\"elementor-section elementor-top-section elementor-element elementor-element-dca969f elementor-section-boxed elementor-section-height-default elementor-section-height-default\" data-id=\"dca969f\" data-element_type=\"section\" data-e-type=\"section\">\n\t\t\t\t\t\t<div class=\"elementor-container elementor-column-gap-default\">\n\t\t\t\t\t<div class=\"elementor-column elementor-col-100 elementor-top-column elementor-element elementor-element-9f347f7\" data-id=\"9f347f7\" data-element_type=\"column\" data-e-type=\"column\">\n\t\t\t<div class=\"elementor-widget-wrap\">\n\t\t\t\t\t\t\t<\/div>\n\t\t<\/div>\n\t\t\t\t\t<\/div>\n\t\t<\/section>\n\t\t\t\t<section class=\"elementor-section elementor-top-section elementor-element elementor-element-89af831 elementor-section-boxed elementor-section-height-default elementor-section-height-default\" data-id=\"89af831\" data-element_type=\"section\" data-e-type=\"section\">\n\t\t\t\t\t\t<div class=\"elementor-container elementor-column-gap-default\">\n\t\t\t\t\t<div class=\"elementor-column elementor-col-100 elementor-top-column elementor-element elementor-element-337336c\" data-id=\"337336c\" data-element_type=\"column\" data-e-type=\"column\">\n\t\t\t<div class=\"elementor-widget-wrap elementor-element-populated\">\n\t\t\t\t\t\t<div class=\"elementor-element elementor-element-f206318 elementor-widget elementor-widget-image\" data-id=\"f206318\" data-element_type=\"widget\" data-e-type=\"widget\" data-widget_type=\"image.default\">\n\t\t\t\t<div class=\"elementor-widget-container\">\n\t\t\t\t\t\t\t\t\t\t\t\t\t\t\t<img decoding=\"async\" width=\"600\" height=\"400\" src=\"https:\/\/www.akkumobil.at\/wp-content\/uploads\/2026\/02\/WhatsApp-Image-2026-02-12-at-13.07.33-600x400.jpeg\" class=\"attachment-featured-slide size-featured-slide wp-image-1757\" alt=\"\" \/>\t\t\t\t\t\t\t\t\t\t\t\t\t\t\t<\/div>\n\t\t\t\t<\/div>\n\t\t\t\t\t<\/div>\n\t\t<\/div>\n\t\t\t\t\t<\/div>\n\t\t<\/section>\n\t\t\t\t<section class=\"elementor-section elementor-top-section elementor-element elementor-element-0744efa elementor-section-boxed elementor-section-height-default elementor-section-height-default\" data-id=\"0744efa\" data-element_type=\"section\" data-e-type=\"section\">\n\t\t\t\t\t\t<div class=\"elementor-container elementor-column-gap-default\">\n\t\t\t\t\t<div class=\"elementor-column elementor-col-100 elementor-top-column elementor-element elementor-element-3b75fa7\" data-id=\"3b75fa7\" data-element_type=\"column\" data-e-type=\"column\">\n\t\t\t<div class=\"elementor-widget-wrap\">\n\t\t\t\t\t\t\t<\/div>\n\t\t<\/div>\n\t\t\t\t\t<\/div>\n\t\t<\/section>\n\t\t\t\t<section class=\"elementor-section elementor-top-section elementor-element elementor-element-d9636d9 elementor-section-boxed elementor-section-height-default elementor-section-height-default\" data-id=\"d9636d9\" data-element_type=\"section\" data-e-type=\"section\">\n\t\t\t\t\t\t<div class=\"elementor-container elementor-column-gap-default\">\n\t\t\t\t\t<div class=\"elementor-column elementor-col-100 elementor-top-column elementor-element elementor-element-a295025\" data-id=\"a295025\" data-element_type=\"column\" data-e-type=\"column\">\n\t\t\t<div class=\"elementor-widget-wrap elementor-element-populated\">\n\t\t\t\t\t\t<div class=\"elementor-element elementor-element-879f650 elementor-widget elementor-widget-text-editor\" data-id=\"879f650\" data-element_type=\"widget\" data-e-type=\"widget\" data-widget_type=\"text-editor.default\">\n\t\t\t\t<div class=\"elementor-widget-container\">\n\t\t\t\t\t\t\t\t\t<h3>Gro\u00dfspeicherprojekt<\/h3><ul><li>Secondlife Batterie (E-Auto)<\/li><li>Wochenlang autark<\/li><li>Hohe Notstromf\u00e4higkeit\u00a0<\/li><li>Stromhandel an der B\u00f6rse<\/li><li>60 bis mehr als 1000 kWh Speicher<\/li><\/ul><p>\u00a0<\/p>\t\t\t\t\t\t\t\t<\/div>\n\t\t\t\t<\/div>\n\t\t\t\t\t<\/div>\n\t\t<\/div>\n\t\t\t\t\t<\/div>\n\t\t<\/section>\n\t\t\t\t<\/div>\n\t\t","protected":false},"excerpt":{"rendered":"<p>Einfamilienhaus Einfamilienhaus = Energieoptimiert Optimierte Anlage f\u00fcr ihr Einfamilienhaus Dach\/Wand\/Zaun Montage Heimspeicher Notstrombetrieb Heizstaboptimiert E-Ladestation mit PV \u00dcberschussladung Gro\u00dfspeicherprojekt Gro\u00dfspeicherprojekt Secondlife Batterie (E-Auto) Wochenlang autark Hohe Notstromf\u00e4higkeit\u00a0 Stromhandel an der B\u00f6rse 60 bis mehr als 1000 kWh Speicher \u00a0<\/p>\n","protected":false},"author":1,"featured_media":0,"parent":0,"menu_order":0,"comment_status":"closed","ping_status":"closed","template":"","meta":{"footnotes":""},"class_list":["post-1744","page","type-page","status-publish","hentry"],"blocksy_meta":[],"_links":{"self":[{"href":"https:\/\/www.akkumobil.at\/index.php?rest_route=\/wp\/v2\/pages\/1744","targetHints":{"allow":["GET"]}}],"collection":[{"href":"https:\/\/www.akkumobil.at\/index.php?rest_route=\/wp\/v2\/pages"}],"about":[{"href":"https:\/\/www.akkumobil.at\/index.php?rest_route=\/wp\/v2\/types\/page"}],"author":[{"embeddable":true,"href":"https:\/\/www.akkumobil.at\/index.php?rest_route=\/wp\/v2\/users\/1"}],"replies":[{"embeddable":true,"href":"https:\/\/www.akkumobil.at\/index.php?rest_route=%2Fwp%2Fv2%2Fcomments&post=1744"}],"version-history":[{"count":4,"href":"https:\/\/www.akkumobil.at\/index.php?rest_route=\/wp\/v2\/pages\/1744\/revisions"}],"predecessor-version":[{"id":1760,"href":"https:\/\/www.akkumobil.at\/index.php?rest_route=\/wp\/v2\/pages\/1744\/revisions\/1760"}],"wp:attachment":[{"href":"https:\/\/www.akkumobil.at\/index.php?rest_route=%2Fwp%2Fv2%2Fmedia&parent=1744"}],"curies":[{"name":"wp","href":"https:\/\/api.w.org\/{rel}","templated":true}]}}