{"id":1474,"date":"2021-10-09T13:00:19","date_gmt":"2021-10-09T11:00:19","guid":{"rendered":"http:\/\/www.akkumobil.at\/?page_id=1474"},"modified":"2026-02-15T20:37:52","modified_gmt":"2026-02-15T19:37:52","slug":"home","status":"publish","type":"page","link":"https:\/\/www.akkumobil.at\/","title":{"rendered":"Home"},"content":{"rendered":"\t\t<div data-elementor-type=\"wp-page\" data-elementor-id=\"1474\" class=\"elementor elementor-1474\">\n\t\t\t\t\t\t<section class=\"elementor-section elementor-top-section elementor-element elementor-element-0ae2a12 elementor-section-boxed elementor-section-height-default elementor-section-height-default\" data-id=\"0ae2a12\" data-element_type=\"section\" data-e-type=\"section\">\n\t\t\t\t\t\t<div class=\"elementor-container elementor-column-gap-default\">\n\t\t\t\t\t<div class=\"elementor-column elementor-col-100 elementor-top-column elementor-element elementor-element-520252c\" data-id=\"520252c\" data-element_type=\"column\" data-e-type=\"column\">\n\t\t\t<div class=\"elementor-widget-wrap elementor-element-populated\">\n\t\t\t\t\t\t<div class=\"elementor-element elementor-element-769f6c5 elementor-arrows-position-inside elementor-pagination-position-outside elementor-widget elementor-widget-image-carousel\" data-id=\"769f6c5\" data-element_type=\"widget\" data-e-type=\"widget\" data-settings=\"{&quot;slides_to_show&quot;:&quot;1&quot;,&quot;navigation&quot;:&quot;both&quot;,&quot;autoplay&quot;:&quot;yes&quot;,&quot;pause_on_hover&quot;:&quot;yes&quot;,&quot;pause_on_interaction&quot;:&quot;yes&quot;,&quot;autoplay_speed&quot;:5000,&quot;infinite&quot;:&quot;yes&quot;,&quot;effect&quot;:&quot;slide&quot;,&quot;speed&quot;:500}\" data-widget_type=\"image-carousel.default\">\n\t\t\t\t<div class=\"elementor-widget-container\">\n\t\t\t\t\t\t\t<div class=\"elementor-image-carousel-wrapper swiper\" role=\"region\" aria-roledescription=\"carousel\" aria-label=\"Bild Karussell\" dir=\"ltr\">\n\t\t\t<div class=\"elementor-image-carousel swiper-wrapper\" aria-live=\"off\">\n\t\t\t\t\t\t\t\t<div class=\"swiper-slide\" role=\"group\" aria-roledescription=\"slide\" aria-label=\"1 von 3\"><figure class=\"swiper-slide-inner\"><img decoding=\"async\" class=\"swiper-slide-image\" src=\"https:\/\/www.akkumobil.at\/wp-content\/uploads\/2018\/01\/DJI_0069-2-e1514914769879-600x250.jpg\" alt=\"DCIM100MEDIADJI_0069.JPG\" \/><\/figure><\/div><div class=\"swiper-slide\" role=\"group\" aria-roledescription=\"slide\" aria-label=\"2 von 3\"><figure class=\"swiper-slide-inner\"><img decoding=\"async\" class=\"swiper-slide-image\" src=\"https:\/\/www.akkumobil.at\/wp-content\/uploads\/2021\/10\/IMG_20210704_184653_784-scaled-600x450.jpg\" alt=\"Neues Zeitalter\" \/><\/figure><\/div><div class=\"swiper-slide\" role=\"group\" aria-roledescription=\"slide\" aria-label=\"3 von 3\"><figure class=\"swiper-slide-inner\"><img decoding=\"async\" class=\"swiper-slide-image\" src=\"https:\/\/www.akkumobil.at\/wp-content\/uploads\/2015\/12\/Bild3-scaled-600x450.jpg\" alt=\"DIGITAL CAMERA\" \/><\/figure><\/div>\t\t\t<\/div>\n\t\t\t\t\t\t\t\t\t\t\t\t<div class=\"elementor-swiper-button elementor-swiper-button-prev\" role=\"button\" tabindex=\"0\">\n\t\t\t\t\t\t<i aria-hidden=\"true\" class=\"eicon-chevron-left\"><\/i>\t\t\t\t\t<\/div>\n\t\t\t\t\t<div class=\"elementor-swiper-button elementor-swiper-button-next\" role=\"button\" tabindex=\"0\">\n\t\t\t\t\t\t<i aria-hidden=\"true\" class=\"eicon-chevron-right\"><\/i>\t\t\t\t\t<\/div>\n\t\t\t\t\n\t\t\t\t\t\t\t\t\t<div class=\"swiper-pagination\"><\/div>\n\t\t\t\t\t\t\t\t\t<\/div>\n\t\t\t\t\t\t<\/div>\n\t\t\t\t<\/div>\n\t\t\t\t\t<\/div>\n\t\t<\/div>\n\t\t\t\t\t<\/div>\n\t\t<\/section>\n\t\t\t\t<section class=\"elementor-section elementor-top-section elementor-element elementor-element-335f09c elementor-section-boxed elementor-section-height-default elementor-section-height-default\" data-id=\"335f09c\" data-element_type=\"section\" data-e-type=\"section\">\n\t\t\t\t\t\t<div class=\"elementor-container elementor-column-gap-default\">\n\t\t\t\t\t<div class=\"elementor-column elementor-col-33 elementor-top-column elementor-element elementor-element-4dcc8f5\" data-id=\"4dcc8f5\" data-element_type=\"column\" data-e-type=\"column\">\n\t\t\t<div class=\"elementor-widget-wrap elementor-element-populated\">\n\t\t\t\t\t\t<div class=\"elementor-element elementor-element-ee361b3 elementor-position-top elementor-widget elementor-widget-image-box\" data-id=\"ee361b3\" data-element_type=\"widget\" data-e-type=\"widget\" data-widget_type=\"image-box.default\">\n\t\t\t\t<div class=\"elementor-widget-container\">\n\t\t\t\t\t<div class=\"elementor-image-box-wrapper\"><figure class=\"elementor-image-box-img\"><a href=\"https:\/\/www.akkumobil.at\/?page_id=1552\" tabindex=\"-1\"><img fetchpriority=\"high\" decoding=\"async\" width=\"2560\" height=\"1920\" src=\"https:\/\/www.akkumobil.at\/wp-content\/uploads\/2021\/10\/20190920_120702-scaled.jpg\" class=\"elementor-animation-hang attachment-full size-full wp-image-1484\" alt=\"\" srcset=\"https:\/\/www.akkumobil.at\/wp-content\/uploads\/2021\/10\/20190920_120702-scaled.jpg 2560w, https:\/\/www.akkumobil.at\/wp-content\/uploads\/2021\/10\/20190920_120702-scaled-600x450.jpg 600w, https:\/\/www.akkumobil.at\/wp-content\/uploads\/2021\/10\/20190920_120702-300x225.jpg 300w, https:\/\/www.akkumobil.at\/wp-content\/uploads\/2021\/10\/20190920_120702-1024x768.jpg 1024w, https:\/\/www.akkumobil.at\/wp-content\/uploads\/2021\/10\/20190920_120702-768x576.jpg 768w, https:\/\/www.akkumobil.at\/wp-content\/uploads\/2021\/10\/20190920_120702-1536x1152.jpg 1536w, https:\/\/www.akkumobil.at\/wp-content\/uploads\/2021\/10\/20190920_120702-2048x1536.jpg 2048w, https:\/\/www.akkumobil.at\/wp-content\/uploads\/2021\/10\/20190920_120702-250x188.jpg 250w\" sizes=\"(max-width: 2560px) 100vw, 2560px\" \/><\/a><\/figure><div class=\"elementor-image-box-content\"><h3 class=\"elementor-image-box-title\"><a href=\"https:\/\/www.akkumobil.at\/?page_id=1552\">Elektro Umbauten<\/a><\/h3><p class=\"elementor-image-box-description\">Einige Projekte wurden bei uns schon umgesetzt. Wir k\u00f6nnen ihnen das Material mit dem zugeh\u00f6rigem Wissen anbieten um unn\u00f6tige Kosten und Zeit zu sparen.<\/p><\/div><\/div>\t\t\t\t<\/div>\n\t\t\t\t<\/div>\n\t\t\t\t\t<\/div>\n\t\t<\/div>\n\t\t\t\t<div class=\"elementor-column elementor-col-33 elementor-top-column elementor-element elementor-element-08be48e\" data-id=\"08be48e\" data-element_type=\"column\" data-e-type=\"column\">\n\t\t\t<div class=\"elementor-widget-wrap elementor-element-populated\">\n\t\t\t\t\t\t<div class=\"elementor-element elementor-element-6d47dfc elementor-position-top elementor-widget elementor-widget-image-box\" data-id=\"6d47dfc\" data-element_type=\"widget\" data-e-type=\"widget\" data-widget_type=\"image-box.default\">\n\t\t\t\t<div class=\"elementor-widget-container\">\n\t\t\t\t\t<div class=\"elementor-image-box-wrapper\"><figure class=\"elementor-image-box-img\"><a href=\"https:\/\/www.akkumobil.at\/?page_id=103\" tabindex=\"-1\"><img decoding=\"async\" width=\"300\" height=\"225\" src=\"https:\/\/www.akkumobil.at\/wp-content\/uploads\/2021\/11\/20211015_175948-300x225.jpg\" class=\"elementor-animation-hang attachment-medium size-medium wp-image-1618\" alt=\"\" srcset=\"https:\/\/www.akkumobil.at\/wp-content\/uploads\/2021\/11\/20211015_175948-300x225.jpg 300w, https:\/\/www.akkumobil.at\/wp-content\/uploads\/2021\/11\/20211015_175948-600x450.jpg 600w, https:\/\/www.akkumobil.at\/wp-content\/uploads\/2021\/11\/20211015_175948-768x576.jpg 768w, https:\/\/www.akkumobil.at\/wp-content\/uploads\/2021\/11\/20211015_175948-250x188.jpg 250w, https:\/\/www.akkumobil.at\/wp-content\/uploads\/2021\/11\/20211015_175948.jpg 800w\" sizes=\"(max-width: 300px) 100vw, 300px\" \/><\/a><\/figure><div class=\"elementor-image-box-content\"><h3 class=\"elementor-image-box-title\"><a href=\"https:\/\/www.akkumobil.at\/?page_id=103\">Akku Reparatur<\/a><\/h3><p class=\"elementor-image-box-description\">Wir reparieren ihren E-Bike-Akku, tauschen die defekten Zellen gegen neue, hochwertigere Zellen aus und k\u00f6nnen somit die Reichweite erh\u00f6hen.<\/p><\/div><\/div>\t\t\t\t<\/div>\n\t\t\t\t<\/div>\n\t\t\t\t\t<\/div>\n\t\t<\/div>\n\t\t\t\t<div class=\"elementor-column elementor-col-33 elementor-top-column elementor-element elementor-element-7c9ece7\" data-id=\"7c9ece7\" data-element_type=\"column\" data-e-type=\"column\">\n\t\t\t<div class=\"elementor-widget-wrap elementor-element-populated\">\n\t\t\t\t\t\t<div class=\"elementor-element elementor-element-507d473 elementor-position-top elementor-widget elementor-widget-image-box\" data-id=\"507d473\" data-element_type=\"widget\" data-e-type=\"widget\" data-widget_type=\"image-box.default\">\n\t\t\t\t<div class=\"elementor-widget-container\">\n\t\t\t\t\t<div class=\"elementor-image-box-wrapper\"><figure class=\"elementor-image-box-img\"><a href=\"https:\/\/www.akkumobil.at\/?page_id=1744\" tabindex=\"-1\"><img decoding=\"async\" width=\"1599\" height=\"1200\" src=\"https:\/\/www.akkumobil.at\/wp-content\/uploads\/2026\/02\/WhatsApp-Image-2025-03-29-at-19.33.06.jpeg\" class=\"elementor-animation-hang attachment-full size-full wp-image-1752\" alt=\"\" srcset=\"https:\/\/www.akkumobil.at\/wp-content\/uploads\/2026\/02\/WhatsApp-Image-2025-03-29-at-19.33.06.jpeg 1599w, https:\/\/www.akkumobil.at\/wp-content\/uploads\/2026\/02\/WhatsApp-Image-2025-03-29-at-19.33.06-300x225.jpeg 300w, https:\/\/www.akkumobil.at\/wp-content\/uploads\/2026\/02\/WhatsApp-Image-2025-03-29-at-19.33.06-1024x768.jpeg 1024w, https:\/\/www.akkumobil.at\/wp-content\/uploads\/2026\/02\/WhatsApp-Image-2025-03-29-at-19.33.06-768x576.jpeg 768w, https:\/\/www.akkumobil.at\/wp-content\/uploads\/2026\/02\/WhatsApp-Image-2025-03-29-at-19.33.06-1536x1153.jpeg 1536w, https:\/\/www.akkumobil.at\/wp-content\/uploads\/2026\/02\/WhatsApp-Image-2025-03-29-at-19.33.06-250x188.jpeg 250w, https:\/\/www.akkumobil.at\/wp-content\/uploads\/2026\/02\/WhatsApp-Image-2025-03-29-at-19.33.06-600x450.jpeg 600w\" sizes=\"(max-width: 1599px) 100vw, 1599px\" \/><\/a><\/figure><div class=\"elementor-image-box-content\"><h3 class=\"elementor-image-box-title\"><a href=\"https:\/\/www.akkumobil.at\/?page_id=1744\">Photovoltaik<\/a><\/h3><p class=\"elementor-image-box-description\">Komplettanlage PV+Speicher!<br>\nMa\u00dfgeschneidert f\u00fcr ihr Projekt, von klein bis Gro\u00dfanlagen.<\/p><\/div><\/div>\t\t\t\t<\/div>\n\t\t\t\t<\/div>\n\t\t\t\t\t<\/div>\n\t\t<\/div>\n\t\t\t\t\t<\/div>\n\t\t<\/section>\n\t\t\t\t<\/div>\n\t\t","protected":false},"excerpt":{"rendered":"<p>Elektro Umbauten Einige Projekte wurden bei uns schon umgesetzt. Wir k\u00f6nnen ihnen das Material mit dem zugeh\u00f6rigem Wissen anbieten um unn\u00f6tige Kosten und Zeit zu sparen. Akku Reparatur Wir reparieren ihren E-Bike-Akku, tauschen die defekten Zellen gegen neue, hochwertigere Zellen aus und k\u00f6nnen somit die Reichweite erh\u00f6hen. Photovoltaik Komplettanlage PV+Speicher! Ma\u00dfgeschneidert f\u00fcr ihr Projekt, von [&hellip;]<\/p>\n","protected":false},"author":1,"featured_media":0,"parent":0,"menu_order":0,"comment_status":"closed","ping_status":"closed","template":"elementor_header_footer","meta":{"footnotes":""},"class_list":["post-1474","page","type-page","status-publish","hentry"],"blocksy_meta":{"styles_descriptor":{"styles":{"desktop":"","tablet":"","mobile":""},"google_fonts":[],"version":6}},"_links":{"self":[{"href":"https:\/\/www.akkumobil.at\/index.php?rest_route=\/wp\/v2\/pages\/1474","targetHints":{"allow":["GET"]}}],"collection":[{"href":"https:\/\/www.akkumobil.at\/index.php?rest_route=\/wp\/v2\/pages"}],"about":[{"href":"https:\/\/www.akkumobil.at\/index.php?rest_route=\/wp\/v2\/types\/page"}],"author":[{"embeddable":true,"href":"https:\/\/www.akkumobil.at\/index.php?rest_route=\/wp\/v2\/users\/1"}],"replies":[{"embeddable":true,"href":"https:\/\/www.akkumobil.at\/index.php?rest_route=%2Fwp%2Fv2%2Fcomments&post=1474"}],"version-history":[{"count":33,"href":"https:\/\/www.akkumobil.at\/index.php?rest_route=\/wp\/v2\/pages\/1474\/revisions"}],"predecessor-version":[{"id":1763,"href":"https:\/\/www.akkumobil.at\/index.php?rest_route=\/wp\/v2\/pages\/1474\/revisions\/1763"}],"wp:attachment":[{"href":"https:\/\/www.akkumobil.at\/index.php?rest_route=%2Fwp%2Fv2%2Fmedia&parent=1474"}],"curies":[{"name":"wp","href":"https:\/\/api.w.org\/{rel}","templated":true}]}}