{"id":103,"date":"2015-12-27T15:34:01","date_gmt":"2015-12-27T14:34:01","guid":{"rendered":"http:\/\/www.akkumobil.at\/?page_id=103"},"modified":"2021-11-08T21:14:06","modified_gmt":"2021-11-08T20:14:06","slug":"akkus","status":"publish","type":"page","link":"https:\/\/www.akkumobil.at\/?page_id=103","title":{"rendered":"Akkus"},"content":{"rendered":"<h2>Akku Reparatur: &nbsp; &nbsp; &nbsp; <span style=\"color: #000000;\"><strong>Wir machen ihren Akku wieder fit!<\/strong><\/span><\/h2>\n<h3>Wir reparieren zb. ihren E-Bike-Akku und tauschen die defekten Zellen gegen neue, hochwertigere Zellen aus. Ob Blei-Akkus, Ni-Cd, LiFePo4 oder Li-Ion, so gut wie jeden Akku kann man reparieren oder ev. sogar die Kapazit\u00e4t erh\u00f6hen um die Reichweite zu steigern. (Wir machen nat\u00fcrlich nur das was Sinn macht) Schont die <span style=\"color: #00ff00;\">Umwelt<\/span> und den <span style=\"color: #00ff00;\">Geldbeutel<\/span><\/h3>\n<p><\/p>\n\n\n<figure class=\"wp-block-gallery columns-3 is-cropped wp-block-gallery-1 is-layout-flex wp-block-gallery-is-layout-flex\"><ul class=\"blocks-gallery-grid\"><li class=\"blocks-gallery-item\"><figure><img fetchpriority=\"high\" decoding=\"async\" width=\"1024\" height=\"768\" src=\"https:\/\/www.akkumobil.at\/wp-content\/uploads\/2015\/12\/akkus-2-1024x768.jpg\" alt=\"\" data-id=\"25\" data-full-url=\"https:\/\/www.akkumobil.at\/wp-content\/uploads\/2015\/12\/akkus-2.jpg\" data-link=\"https:\/\/www.akkumobil.at\/?attachment_id=25\" class=\"wp-image-25\" srcset=\"https:\/\/www.akkumobil.at\/wp-content\/uploads\/2015\/12\/akkus-2-1024x768.jpg 1024w, https:\/\/www.akkumobil.at\/wp-content\/uploads\/2015\/12\/akkus-2-scaled-600x450.jpg 600w, https:\/\/www.akkumobil.at\/wp-content\/uploads\/2015\/12\/akkus-2-300x225.jpg 300w, https:\/\/www.akkumobil.at\/wp-content\/uploads\/2015\/12\/akkus-2-768x576.jpg 768w\" sizes=\"(max-width: 1024px) 100vw, 1024px\" \/><\/figure><\/li><li class=\"blocks-gallery-item\"><figure><img decoding=\"async\" width=\"1024\" height=\"768\" src=\"https:\/\/www.akkumobil.at\/wp-content\/uploads\/2015\/12\/akkuREP-6-1024x768.jpg\" alt=\"\" data-id=\"23\" data-full-url=\"https:\/\/www.akkumobil.at\/wp-content\/uploads\/2015\/12\/akkuREP-6-e1451226127825.jpg\" data-link=\"https:\/\/www.akkumobil.at\/?attachment_id=23\" class=\"wp-image-23\"\/><\/figure><\/li><li class=\"blocks-gallery-item\"><figure><img decoding=\"async\" width=\"1024\" height=\"768\" src=\"https:\/\/www.akkumobil.at\/wp-content\/uploads\/2015\/12\/akkuREP-11-1024x768.jpg\" alt=\"\" data-id=\"24\" data-full-url=\"https:\/\/www.akkumobil.at\/wp-content\/uploads\/2015\/12\/akkuREP-11-e1451226082664.jpg\" data-link=\"https:\/\/www.akkumobil.at\/?attachment_id=24\" class=\"wp-image-24\"\/><\/figure><\/li><li class=\"blocks-gallery-item\"><figure><img loading=\"lazy\" decoding=\"async\" width=\"1024\" height=\"768\" src=\"https:\/\/www.akkumobil.at\/wp-content\/uploads\/2015\/12\/akkuREP-1-1024x768.jpg\" alt=\"\" data-id=\"22\" data-full-url=\"https:\/\/www.akkumobil.at\/wp-content\/uploads\/2015\/12\/akkuREP-1-e1451226111939.jpg\" data-link=\"https:\/\/www.akkumobil.at\/?attachment_id=22\" class=\"wp-image-22\"\/><\/figure><\/li><li class=\"blocks-gallery-item\"><figure><img loading=\"lazy\" decoding=\"async\" width=\"1024\" height=\"768\" src=\"https:\/\/www.akkumobil.at\/wp-content\/uploads\/2015\/12\/Rep-1-1024x768.jpg\" alt=\"\" data-id=\"27\" data-full-url=\"https:\/\/www.akkumobil.at\/wp-content\/uploads\/2015\/12\/Rep-1-e1451226097724.jpg\" data-link=\"https:\/\/www.akkumobil.at\/?attachment_id=27\" class=\"wp-image-27\"\/><\/figure><\/li><li class=\"blocks-gallery-item\"><figure><img loading=\"lazy\" decoding=\"async\" width=\"1024\" height=\"768\" src=\"https:\/\/www.akkumobil.at\/wp-content\/uploads\/2015\/12\/Rad1-1-1024x768.jpg\" alt=\"\" data-id=\"26\" data-full-url=\"https:\/\/www.akkumobil.at\/wp-content\/uploads\/2015\/12\/Rad1-1.jpg\" data-link=\"https:\/\/www.akkumobil.at\/?attachment_id=26\" class=\"wp-image-26\" srcset=\"https:\/\/www.akkumobil.at\/wp-content\/uploads\/2015\/12\/Rad1-1-1024x768.jpg 1024w, https:\/\/www.akkumobil.at\/wp-content\/uploads\/2015\/12\/Rad1-1-scaled-600x450.jpg 600w, https:\/\/www.akkumobil.at\/wp-content\/uploads\/2015\/12\/Rad1-1-300x225.jpg 300w, https:\/\/www.akkumobil.at\/wp-content\/uploads\/2015\/12\/Rad1-1-768x576.jpg 768w\" sizes=\"(max-width: 1024px) 100vw, 1024px\" \/><\/figure><\/li><\/ul><\/figure>\n\n\n\n<figure class=\"wp-block-image size-full\"><img loading=\"lazy\" decoding=\"async\" width=\"800\" height=\"600\" src=\"https:\/\/www.akkumobil.at\/wp-content\/uploads\/2021\/11\/20211015_175922.jpg\" alt=\"\" class=\"wp-image-1622\" srcset=\"https:\/\/www.akkumobil.at\/wp-content\/uploads\/2021\/11\/20211015_175922.jpg 800w, https:\/\/www.akkumobil.at\/wp-content\/uploads\/2021\/11\/20211015_175922-600x450.jpg 600w, https:\/\/www.akkumobil.at\/wp-content\/uploads\/2021\/11\/20211015_175922-300x225.jpg 300w, https:\/\/www.akkumobil.at\/wp-content\/uploads\/2021\/11\/20211015_175922-768x576.jpg 768w, https:\/\/www.akkumobil.at\/wp-content\/uploads\/2021\/11\/20211015_175922-250x188.jpg 250w\" sizes=\"(max-width: 800px) 100vw, 800px\" \/><\/figure>\n\n\n\n<div class=\"wp-block-columns is-layout-flex wp-container-core-columns-is-layout-28f84493 wp-block-columns-is-layout-flex\">\n<div class=\"wp-block-column is-layout-flow wp-block-column-is-layout-flow\" style=\"flex-basis:100%\">\n<div class=\"wp-block-group is-layout-flow wp-block-group-is-layout-flow\"><\/div>\n<\/div>\n<\/div>\n","protected":false},"excerpt":{"rendered":"<p>Akku Reparatur: &nbsp; &nbsp; &nbsp; Wir machen ihren Akku wieder fit! Wir reparieren zb. ihren E-Bike-Akku und tauschen die defekten Zellen gegen neue, hochwertigere Zellen aus. Ob Blei-Akkus, Ni-Cd, LiFePo4 oder Li-Ion, so gut wie jeden Akku kann man reparieren oder ev. sogar die Kapazit\u00e4t erh\u00f6hen um die Reichweite zu steigern. (Wir machen nat\u00fcrlich nur [&hellip;]<\/p>\n","protected":false},"author":1,"featured_media":0,"parent":0,"menu_order":2,"comment_status":"closed","ping_status":"closed","template":"fullwidth.php","meta":{"footnotes":""},"class_list":["post-103","page","type-page","status-publish","hentry"],"blocksy_meta":{"styles_descriptor":{"styles":{"desktop":"","tablet":"","mobile":""},"google_fonts":[],"version":6}},"_links":{"self":[{"href":"https:\/\/www.akkumobil.at\/index.php?rest_route=\/wp\/v2\/pages\/103","targetHints":{"allow":["GET"]}}],"collection":[{"href":"https:\/\/www.akkumobil.at\/index.php?rest_route=\/wp\/v2\/pages"}],"about":[{"href":"https:\/\/www.akkumobil.at\/index.php?rest_route=\/wp\/v2\/types\/page"}],"author":[{"embeddable":true,"href":"https:\/\/www.akkumobil.at\/index.php?rest_route=\/wp\/v2\/users\/1"}],"replies":[{"embeddable":true,"href":"https:\/\/www.akkumobil.at\/index.php?rest_route=%2Fwp%2Fv2%2Fcomments&post=103"}],"version-history":[{"count":18,"href":"https:\/\/www.akkumobil.at\/index.php?rest_route=\/wp\/v2\/pages\/103\/revisions"}],"predecessor-version":[{"id":1635,"href":"https:\/\/www.akkumobil.at\/index.php?rest_route=\/wp\/v2\/pages\/103\/revisions\/1635"}],"wp:attachment":[{"href":"https:\/\/www.akkumobil.at\/index.php?rest_route=%2Fwp%2Fv2%2Fmedia&parent=103"}],"curies":[{"name":"wp","href":"https:\/\/api.w.org\/{rel}","templated":true}]}}